{"id":290,"date":"2026-03-30T22:51:46","date_gmt":"2026-03-30T22:51:46","guid":{"rendered":"https:\/\/segurosbva.com\/index.php\/about-us\/"},"modified":"2026-04-02T18:44:31","modified_gmt":"2026-04-02T18:44:31","slug":"about-us","status":"publish","type":"page","link":"https:\/\/segurosbva.com\/index.php\/about-us\/","title":{"rendered":"About Us"},"content":{"rendered":"<div  class=\"tpgb-container-row tpgb-block-531a_290  tpgb-nxtcont-type   alignfull  tpgb-container-inline  tpgb-container-wide \" data-id=\"531a_290 \"   ><div class=\"tpgb-top-layer\"><\/div><div class=\"tpgb-cont-in\">\n\n<div class=\"tpgb-pro-paragraph tpgb-block-21de_290\"><h1 class=\"pro-heading-inner\"><strong>su familia y su patrimonio.<\/strong><\/h1><\/div>\n\n<\/div><\/div>\n\n<div  class=\"tpgb-container-row tpgb-block-5d36_290  tpgb-nxtcont-type   alignfull  tpgb-container-inline  tpgb-container-wide \" data-id=\"5d36_290 \"   ><div class=\"tpgb-cont-in\">\n\n<div class=\"tpgb-pro-paragraph tpgb-block-c3bf_290\"><h2 class=\"pro-heading-inner\"><strong>NOSOTROS<\/strong><\/h2><div class=\"pro-paragraph-inner\"><p>\u00bfQui\u00e9nes somos?\n\nBVA somos una agencia de seguros y fianzas especializada en llevar la gesti\u00f3n de tu seguro y proteger tus bienes y tu persona de forma correcta en diferentes \u00e1mbitos del ramo. Nos encargamos y comprometemos de brindar la mejor oferta con la aseguradora correcta  acorde la especializaci\u00f3n y tipo de seguro.\n\nCon m\u00e1s de 10 a\u00f1os de experiencia, asociado estrat\u00e9gico del mayor promotor a nivel America Latina, AARCO con mas de 40 a\u00f1os en el mercado, logramos dise\u00f1ar la protecci\u00f3n a medida de cada uno de nuestros clientes. \n<\/p><\/div><\/div>\n\n\n\n<div class=\"tpgb-pro-paragraph tpgb-block-ac38_290\"><div class=\"pro-paragraph-inner\"><p>SUE\u00d1O: \nSo\u00f1amos con ser una empresa en la que personas, empresas y asociaciones conf\u00eden plenamente para proteger su patrimonio y su salud, creando un lazo de responsabilidad y transparencia sabiendo que detr\u00e1s hay un equipo que cuida con compromiso humano y respeto por el entorno.\n<\/p><\/div><\/div>\n\n\n\n<div class=\"tpgb-pro-paragraph tpgb-block-e05b_290\"><div class=\"pro-paragraph-inner\"><p>VALORES: \n1.\tConfianza: Cuidamos la confianza que generamos con nuestros clientes.\n2.\t\u00c9tica: Actuamos con transparencia y honestidad en cada proceso.\n3.\tResponsabilidad: Entendemos que protegemos bienes y vidas, y actuamos con seriedad y compromiso.\n<\/p><\/div><\/div>\n\n\n\n<div class=\"tpgb-pro-paragraph tpgb-block-87e7_290\"><h2 class=\"pro-heading-inner\">VALORES:<\/h2><div class=\"pro-paragraph-inner\"><p>1.\tConfianza: Cuidamos la confianza que generamos con nuestros clientes.\n2.\t\u00c9tica: Actuamos con transparencia y honestidad en cada proceso.\n3.\tResponsabilidad: Entendemos que protegemos bienes y vidas, y actuamos con seriedad y compromiso.<\/p><\/div><\/div>\n\n\n<div  class=\"tpgb-container-row tpgb-block-f5fa_290  tpgb-nxtcont-type   alignwide  tpgb-container-inline  tpgb-container-wide \" data-id=\"f5fa_290 \"   ><div class=\"tpgb-cont-in\">\n<div class=\"tpgb-number-counter tpgb-relative-block counter-style-2 text-left tpgb-block-f3e6_290 \"><div class=\"number-counter-inner tpgb-relative-block tpgb-trans-ease \"><div class=\"icn-header\"><\/div><div class=\"counter-content\"><h5 class=\"nc-counter-number tpgb-trans-ease\"><span class=\"counter-number-inner numscroller\" data-min=\"0\" data-max=\"1000\" data-delay=\"5\" data-increment=\"5\" data-numeration=\"default\">0<\/span><span class=\"counter-symbol-text\">+<\/span><\/h5><a href=\"#\"    aria-label=\"CLIENTES\"><h6 class=\"counter-title tpgb-trans-ease\">CLIENTES<\/h6><\/a><\/div><\/div><\/div>\n\n<div class=\"tpgb-number-counter tpgb-relative-block counter-style-2 text-left tpgb-block-5aac_290 \"><div class=\"number-counter-inner tpgb-relative-block tpgb-trans-ease \"><div class=\"icn-header\"><\/div><div class=\"counter-content\"><h5 class=\"nc-counter-number tpgb-trans-ease\"><span class=\"counter-number-inner numscroller\" data-min=\"0\" data-max=\"10\" data-delay=\"5\" data-increment=\"5\" data-numeration=\"default\">0<\/span><span class=\"counter-symbol-text\">+<\/span><\/h5><a href=\"#\"    aria-label=\"A\u00d1OS DE EXPERIENCIA\"><h6 class=\"counter-title tpgb-trans-ease\">A\u00d1OS DE EXPERIENCIA<\/h6><\/a><\/div><\/div><\/div>\n<\/div><\/div>\n<\/div><\/div>\n\n<div  class=\"tpgb-container-row tpgb-block-0e68_290  tpgb-nxtcont-type   alignfull  tpgb-container-inline  tpgb-container-wide \" data-id=\"0e68_290 \"   ><div class=\"tpgb-top-layer\"><\/div><div class=\"tpgb-cont-in\">\n<div  class=\"tpgb-container-row tpgb-block-c07e_290    alignfull  tpgb-container-inline  tpgb-container-full \" data-id=\"c07e_290 \"   >\n\n<div class=\"wp-block-tpgb-tp-button-core tp-button-core tpgb-block-73a2_290\"><a href=\"\" target=\"_self\" rel=\"follow noopener\" class=\"tpgb-btn-link\"><span class=\"tpgb-btn-wrap\"><span class=\"tpgb-btn-icon-wrap\"><i class=\"tpgb-btn-icon fas fa-long-arrow-alt-right\"><\/i><\/span><span class=\"tpgb-btn-txt\">Why Choose Us<\/span><\/span><\/a><\/div>\n\n\n\n<div class=\"tpgb-pro-paragraph tpgb-block-de3e_290\"><h2 class=\"pro-heading-inner\">CAUSA: <\/h2><div class=\"pro-paragraph-inner\"><p>En BVA existimos para proteger lo que m\u00e1s valoran nuestros clientes: su familia y su patrimonio.<br>cuid\u00e1ndolos como si fuera nuestro. <br>Entendemos c\u00f3mo se debe trabajar en el mundo de los seguros: con prop\u00f3sito, pasi\u00f3n y personas al centro<\/p><\/div><\/div>\n\n\n\n<div class=\"wp-block-tpgb-tp-button-core tp-button-core tpgb-block-97f0_290\"><a href=\"#servicios\" target=\"_self\" rel=\"follow noopener\" class=\"tpgb-btn-link\"><span class=\"tpgb-btn-wrap\"><span class=\"tpgb-btn-txt\">TODOS LOS SERVICIOS<\/span><\/span><\/a><\/div>\n\n<\/div>\n<\/div><\/div>\n\n<div  class=\"tpgb-container-row tpgb-block-f67c_290  tpgb-nxtcont-type   alignfull   tpgb-container-wide \" data-id=\"f67c_290 \"   ><div class=\"tpgb-cont-in\">\n<div class=\"tpgb-container-col tpgb-block-5870_290 \" data-id=\"5870_290\"  >\n\n<div class=\"wp-block-tpgb-tp-image tpgb-image tpgb-block-73c8_290\"><figure class=\"tpgb-figure\"><img decoding=\"async\" width=\"1738\" height=\"2560\" src=\"https:\/\/segurosbva.com\/wp-content\/uploads\/2026\/03\/smiling-secretary-with-glasses-white-shirt-scaled.jpg\" alt=\"\" class=\"tpgb-img-inner wp-image-356\" loading=\"lazy\" srcset=\"https:\/\/segurosbva.com\/wp-content\/uploads\/2026\/03\/smiling-secretary-with-glasses-white-shirt-scaled.jpg 1738w, https:\/\/segurosbva.com\/wp-content\/uploads\/2026\/03\/smiling-secretary-with-glasses-white-shirt-204x300.jpg 204w, https:\/\/segurosbva.com\/wp-content\/uploads\/2026\/03\/smiling-secretary-with-glasses-white-shirt-695x1024.jpg 695w, https:\/\/segurosbva.com\/wp-content\/uploads\/2026\/03\/smiling-secretary-with-glasses-white-shirt-768x1131.jpg 768w, https:\/\/segurosbva.com\/wp-content\/uploads\/2026\/03\/smiling-secretary-with-glasses-white-shirt-1043x1536.jpg 1043w, https:\/\/segurosbva.com\/wp-content\/uploads\/2026\/03\/smiling-secretary-with-glasses-white-shirt-1391x2048.jpg 1391w\" sizes=\"auto, (max-width: 1738px) 100vw, 1738px\" \/><\/figure><\/div>\n\n<\/div>\n\n<div class=\"tpgb-container-col tpgb-block-346b_290 \" data-id=\"346b_290\"  >\n\n<div class=\"tpgb-pro-paragraph tpgb-block-d61d_290\"><h2 class=\"pro-heading-inner\">queremos brindarte seguridad<\/h2><div class=\"pro-paragraph-inner\"><p>CONTACTANOS PARA OFRECERTE UN SERVICIO ADECUADO A TU PERSONA \/ EMPRESA.<\/p><\/div><\/div>\n\n\n<div class=\"tp-form-block nxt-style-1 tpgb-relative-block tpgb-block-00c5_290 \" data-block-id=\"00c5_290\"><form id=\"\" class=\"nxt-form\" data-formdata=eTBxVnVhWFQ0SjVnbmswcnZTVXAvVXVFZUhNSWtYaGV0b2JHdXpCZWxOQnVjMTJLUlFjQ1JKQWswWDBJaEx4cUsydGw2VngyS0J1WHBSdnFqVmFmYlZ6K29WZW95QzRpdHJxc2JVajFObWRpV05VVlRpTC83TFErMFF2MlNHeGduVTlncVJLdWtscHZ1S1o3OHRZY3pGb0tIV2JXMUJtQit3a1RBMkprNzFFdi95V1MxaTVIVTI0S21ndHVvMFluVkxpN3p5NGlaV0VzeGVYUzhsYVlGZlE3Z2FLazhHdWFrQ3YrRzJqaDZ6V0txNytFbUZnK3Fwb3NPd2FjaUZ4Wg==  data-actionOption=\"[{&quot;value&quot;: &quot;Email&quot;, &quot;label&quot;: &quot;Email&quot;}]\">\n\n<div class=\"tp-form-name-field tpgb-block-eb94_290\"><div class=\"nxt-name-input\"><label class=\"nxt-name-label \"><\/label><div class=\"nxt-input-container\"><input class=\"nxt-name-richtext\" type=\"text\" placeholder=\"Nombre\" data-required=\"false\" autocomplete=\"off\" name=\"text-field\" maxlength=\"\"\/><\/div><span class=\"nxt-error-show\" data-error-message=\"This field is required.\" data-name-validation=\"false\"><\/span><\/div><\/div>\n\n\n\n<div class=\"nxt-number-field tpgb-block-0385_290 \"><div class=\"nxt-number-input\"><label class=\"nxt-number-label \"><\/label><div class=\"nxt-input-container\"><input type=\"number\" placeholder=\"telefono\" class=\"nxt-number-richtext\" max=\"\" min=\"\" name=\"number\" data-required=\"false\" oninput=\"javascript: if (this.value.length &gt; this.maxLength) this.value = this.value.slice(0, this.maxLength);\" maxlength=\"15\"\/><\/div><span class=\"nxt-error-number\" data-error-message=\"This field is required.\"><\/span><\/div><\/div>\n\n\n\n<div class=\"tp-form-email-field tpgb-block-132f_290 \"><div class=\"nxt-email-input\"><label class=\"nxt-email-label \"><\/label><div class=\"nxt-input-container\"><input type=\"email\" placeholder=\"Email\" class=\"nxt-email-richtext\" data-required=\"false\" autocomplete=\"off\" name=\"email\"\/><\/div><span class=\"nxt-error-email\" data-error-message=\"This field is required.\"><\/span><\/div><\/div>\n\n\n\n<div class=\"tp-form-message-field tpgb-block-63ff_290 \"><div class=\"nxt-message-input\"><label class=\"nxt-message-label \"><\/label><textarea placeholder=\"\u00bf\u00bfque seguro es el que buscas??\" class=\"nxt-message-richtext\" data-required=\"false\" autocomplete=\"off\" rows=\"2\" name=\"message\"><\/textarea><span class=\"nxt-message-error\" data-error-message=\"This field is required.\"><\/span><\/div><\/div>\n\n\n\n<div class=\"nxt-submit-button tpgb-block-6bef_290 nxt-btn-block\"><button type=\"submit\" class=\"nxt-submit\"><span class=\"nxt-btn-text\">enviar ahora<\/span><span class=\"nxt-loader\"><\/span><\/button><\/div>\n\n <\/form><span class=\"nxt-success-message\" data-success-message=\"Thank you for your message. It has been sent.\"><\/span><\/div>\n<\/div>\n<\/div><\/div>","protected":false},"excerpt":{"rendered":"","protected":false},"author":1,"featured_media":0,"parent":0,"menu_order":0,"comment_status":"closed","ping_status":"closed","template":"","meta":{"_acf_changed":false,"tpgb_global_settings":"","_themeisle_gutenberg_block_has_review":false,"footnotes":""},"class_list":["post-290","page","type-page","status-publish","hentry"],"acf":[],"tpgb_featured_images":null,"tpgb_post_meta_info":{"get_date":"marzo 30, 2026","get_modified_date":"abril 2, 2026","author_name":"admin","author_url":"https:\/\/segurosbva.com\/index.php\/author\/axelstudioseguros\/","author_email":"admin@segurosbva.com","author_website":"https:\/\/segurosbva.com","author_description":"","author_facebook":"","author_twitter":"","author_instagram":"","author_role":["administrator"],"author_firstname":"","author_lastname":"","user_login":"AxelstudioSeguros","author_avatar":"<img alt='' src='https:\/\/secure.gravatar.com\/avatar\/5c3c3b3649d317e99f3676e2ba33635f59daea60edbfe6e16a5c92f507f2d0b4?s=200&#038;d=mm&#038;r=g' srcset='https:\/\/secure.gravatar.com\/avatar\/5c3c3b3649d317e99f3676e2ba33635f59daea60edbfe6e16a5c92f507f2d0b4?s=400&#038;d=mm&#038;r=g 2x' class='avatar avatar-200 photo' height='200' width='200' loading='lazy' decoding='async'\/>","author_avatar_url":"https:\/\/secure.gravatar.com\/avatar\/5c3c3b3649d317e99f3676e2ba33635f59daea60edbfe6e16a5c92f507f2d0b4?s=96&d=mm&r=g","comment_count":0,"post_likes":0,"post_views":0},"tpgb_post_category":[],"_links":{"self":[{"href":"https:\/\/segurosbva.com\/index.php\/wp-json\/wp\/v2\/pages\/290","targetHints":{"allow":["GET"]}}],"collection":[{"href":"https:\/\/segurosbva.com\/index.php\/wp-json\/wp\/v2\/pages"}],"about":[{"href":"https:\/\/segurosbva.com\/index.php\/wp-json\/wp\/v2\/types\/page"}],"author":[{"embeddable":true,"href":"https:\/\/segurosbva.com\/index.php\/wp-json\/wp\/v2\/users\/1"}],"replies":[{"embeddable":true,"href":"https:\/\/segurosbva.com\/index.php\/wp-json\/wp\/v2\/comments?post=290"}],"version-history":[{"count":6,"href":"https:\/\/segurosbva.com\/index.php\/wp-json\/wp\/v2\/pages\/290\/revisions"}],"predecessor-version":[{"id":398,"href":"https:\/\/segurosbva.com\/index.php\/wp-json\/wp\/v2\/pages\/290\/revisions\/398"}],"wp:attachment":[{"href":"https:\/\/segurosbva.com\/index.php\/wp-json\/wp\/v2\/media?parent=290"}],"curies":[{"name":"wp","href":"https:\/\/api.w.org\/{rel}","templated":true}]}}